{"id":72,"date":"2022-12-15T10:29:32","date_gmt":"2022-12-15T10:29:32","guid":{"rendered":"http:\/\/www.rohkeudentiella.fi\/?page_id=72"},"modified":"2022-12-28T07:30:24","modified_gmt":"2022-12-28T07:30:24","slug":"mira-kangasluoma","status":"publish","type":"page","link":"https:\/\/www.rohkeudentiella.fi\/?page_id=72","title":{"rendered":""},"content":{"rendered":"\n<div class=\"wp-block-group alignfull has-text-color has-background has-global-padding is-layout-constrained wp-block-group-is-layout-constrained\" style=\"color:#f2f2f5;background-color:#3b3b3b\">\n<div class=\"wp-block-columns alignwide is-layout-flex wp-container-core-columns-is-layout-1 wp-block-columns-is-layout-flex\">\n<div class=\"wp-block-column is-layout-flow wp-block-column-is-layout-flow\">\n<div class=\"wp-block-group alignwide has-ast-global-color-5-background-color has-background has-global-padding is-layout-constrained wp-container-core-group-is-layout-1 wp-block-group-is-layout-constrained\" style=\"padding-top:0px;padding-right:0px;padding-bottom:0px;padding-left:0px\">\n<div class=\"wp-block-media-text alignwide has-media-on-the-right is-stacked-on-mobile is-vertically-aligned-center has-base-color has-text-color has-background has-link-color has-medium-font-size wp-elements-7b6ac9166426fb148d4b5bf1630a545d\" style=\"background-color:#3b3b3b;grid-template-columns:auto 48%\"><div class=\"wp-block-media-text__content\">\n<h2 class=\"has-text-align-center has-base-color has-text-color has-dm-sans-font-family has-x-large-font-size wp-block-heading\" style=\"font-style:normal;font-weight:100;letter-spacing:2.5px;text-transform:uppercase\">Mira Kangasluoma<\/h2>\n\n\n\n<p class=\"has-text-align-center has-dm-sans-font-family has-medium-font-size\"><em>Olen oppinut, ett\u00e4 asioilla on tapana j\u00e4rjesty\u00e4 jollain tapaa. Joskus tie toivottuun lopputulokseen voi olla kivisempi, joskus sen mutkat voivat suoristua hyvinkin nopeasti. <\/em><\/p>\n\n\n\n<p class=\"has-text-align-center has-dm-sans-font-family has-medium-font-size\">Olivatpa asiat pieni\u00e4 tai isoja, niist\u00e4 puhuminen kannattaa. Ratkaisukeskeinen lyhytterapia auttaa Sinua oivaltamaan, j\u00e4sent\u00e4m\u00e4\u00e4n sek\u00e4 ideoimaan omaa polkuasi sen hetkisell\u00e4 matkalla. Asia, mink\u00e4 \u00e4\u00e4relle voimme pys\u00e4hty\u00e4, voi olla mit\u00e4 vain, mik\u00e4 Sinua puhututtaa. <\/p>\n\n\n\n<p class=\"has-text-align-center has-dm-sans-font-family has-medium-font-size\">Autan Sinua etsim\u00e4\u00e4n ratkaisuja oman el\u00e4m\u00e4si polulla.<\/p>\n\n\n<div class=\"alignnone\"><style>#sp-ea-80 .spcollapsing { height: 0; overflow: hidden; transition-property: height;transition-duration: 300ms;}#sp-ea-80.sp-easy-accordion>.sp-ea-single {margin-bottom: 10px; border: 1px solid #e2e2e2; }#sp-ea-80.sp-easy-accordion>.sp-ea-single>.ea-header a {color: #444;}#sp-ea-80.sp-easy-accordion>.sp-ea-single>.sp-collapse>.ea-body {background: #fff; color: #444;}#sp-ea-80.sp-easy-accordion>.sp-ea-single {background: #eee;}#sp-ea-80.sp-easy-accordion>.sp-ea-single>.ea-header a .ea-expand-icon { float: left; color: #f2f3f5;font-size: 16px;}<\/style><div id=\"sp_easy_accordion-1778244655\"><div id=\"sp-ea-80\" class=\"sp-ea-one sp-easy-accordion\" data-ea-active=\"ea-click\" data-ea-mode=\"vertical\" data-preloader=\"\" data-scroll-active-item=\"\" data-offset-to-scroll=\"0\"><div class=\"ea-card sp-ea-single\"><h3 class=\"ea-header\"><a class=\"collapsed\" id=\"ea-header-800\" role=\"button\" data-sptoggle=\"spcollapse\" data-sptarget=\"#collapse800\" aria-controls=\"collapse800\" href=\"#\" aria-expanded=\"false\" tabindex=\"0\">Askeleesi &#8211; Mira Kangasluoma<\/a><\/h3><div class=\"sp-collapse spcollapse spcollapse\" id=\"collapse800\" data-parent=\"#sp-ea-80\" role=\"region\" aria-labelledby=\"ea-header-800\"> <div class=\"ea-body\"><p style=\"text-align: center\">Terapeuttina olen kannustava ja rohkaiseva. Asiakkaan kohtaaminen on minulle aina keski\u00f6ss\u00e4. Etenemme asiakkaan voimavaroja hy\u00f6dynt\u00e4en ja niit\u00e4 esiin nostaen. Pohjalainen rempseys on osa luonnettani ja huumorin hy\u00f6dynt\u00e4minen vaikeidenkin asioiden \u00e4\u00e4rell\u00e4 on vahvuus.<\/p><p style=\"text-align: center\">Ty\u00f6kent\u00e4ll\u00e4 olen toiminut mm. kaupan alan teht\u00e4viss\u00e4, p\u00e4iv\u00e4kodissa ja viimeiset 13 vuotta olen ty\u00f6skennellyt lastensuojelun puolella lasten, nuorten sek\u00e4 heid\u00e4n perheidens\u00e4 parissa erilaisissa ty\u00f6teht\u00e4viss\u00e4. Minulla on usean vuoden kokemus esihenkil\u00f6teht\u00e4vist\u00e4 jatkuen edelleen.<\/p><\/div><\/div><\/div><div class=\"ea-card sp-ea-single\"><h3 class=\"ea-header\"><a class=\"collapsed\" id=\"ea-header-801\" role=\"button\" data-sptoggle=\"spcollapse\" data-sptarget=\"#collapse801\" aria-controls=\"collapse801\" href=\"#\" aria-expanded=\"false\" tabindex=\"0\">Koulutukseni<\/a><\/h3><div class=\"sp-collapse spcollapse spcollapse\" id=\"collapse801\" data-parent=\"#sp-ea-80\" role=\"region\" aria-labelledby=\"ea-header-801\"> <div class=\"ea-body\"><ul><li>Sosionomi (amk)<\/li><li>Johtamisen erikoisammattitutkinto<\/li><li>Ratkaisukeskeinen lyhytterapeutti<\/li><\/ul><\/div><\/div><\/div><script type=\"application\/ld+json\">{ \"@context\": \"https:\/\/schema.org\", \"@type\": \"FAQPage\", \"@id\": \"sp-ea-schema-80-69fddc2f7ec86\", \"mainEntity\": [{ \"@type\": \"Question\", \"name\": \"Askeleesi - Mira Kangasluoma\", \"acceptedAnswer\": { \"@type\": \"Answer\", \"text\": \"<p>Terapeuttina olen kannustava ja rohkaiseva. Asiakkaan kohtaaminen on minulle aina keski\u00f6ss\u00e4. Etenemme asiakkaan voimavaroja hy\u00f6dynt\u00e4en ja niit\u00e4 esiin nostaen. Pohjalainen rempseys on osa luonnettani ja huumorin hy\u00f6dynt\u00e4minen vaikeidenkin asioiden \u00e4\u00e4rell\u00e4 on vahvuus.<\/p><p>Ty\u00f6kent\u00e4ll\u00e4 olen toiminut mm. kaupan alan teht\u00e4viss\u00e4, p\u00e4iv\u00e4kodissa ja viimeiset 13 vuotta olen ty\u00f6skennellyt lastensuojelun puolella lasten, nuorten sek\u00e4 heid\u00e4n perheidens\u00e4 parissa erilaisissa ty\u00f6teht\u00e4viss\u00e4. Minulla on usean vuoden kokemus esihenkil\u00f6teht\u00e4vist\u00e4 jatkuen edelleen.<\/p>\" } },{ \"@type\": \"Question\", \"name\": \"Koulutukseni\", \"acceptedAnswer\": { \"@type\": \"Answer\", \"text\": \"<ul><li>Sosionomi (amk)<\/li><li>Johtamisen erikoisammattitutkinto<\/li><li>Ratkaisukeskeinen lyhytterapeutti<\/li><\/ul>\" } }] }<\/script><\/div><\/div><\/div>\n\n\n<p class=\"has-text-align-center has-dm-sans-font-family has-medium-font-size\" style=\"font-style:normal;font-weight:200;letter-spacing:3px;text-transform:none\"><strong>Tervetuloa asiakkaakseni!<\/strong><\/p>\n\n\n\n<p style=\"font-style:normal;font-weight:200;text-transform:lowercase\">      <\/p>\n<\/div><figure class=\"wp-block-media-text__media\"><img loading=\"lazy\" decoding=\"async\" width=\"768\" height=\"1024\" src=\"http:\/\/www.rohkeudentiella.fi\/wp-content\/uploads\/2022\/12\/teksti-200222-768x1024.jpg\" alt=\"\" class=\"wp-image-166 size-full\" srcset=\"https:\/\/www.rohkeudentiella.fi\/wp-content\/uploads\/2022\/12\/teksti-200222-768x1024.jpg 768w, https:\/\/www.rohkeudentiella.fi\/wp-content\/uploads\/2022\/12\/teksti-200222-225x300.jpg 225w, https:\/\/www.rohkeudentiella.fi\/wp-content\/uploads\/2022\/12\/teksti-200222.jpg 1152w\" sizes=\"auto, (max-width: 768px) 100vw, 768px\" \/><\/figure><\/div>\n<\/div>\n<\/div>\n<\/div>\n\n\n\n<p><\/p>\n<\/div>\n","protected":false},"excerpt":{"rendered":"<p>Mira Kangasluoma Olen oppinut, ett\u00e4 asioilla on tapana j\u00e4rjesty\u00e4 jollain tapaa. Joskus tie toivottuun lopputulokseen voi olla kivisempi, joskus sen mutkat voivat suoristua hyvinkin nopeasti. Olivatpa asiat pieni\u00e4 tai isoja, niist\u00e4 puhuminen kannattaa. Ratkaisukeskeinen lyhytterapia auttaa Sinua oivaltamaan, j\u00e4sent\u00e4m\u00e4\u00e4n sek\u00e4 ideoimaan omaa polkuasi sen hetkisell\u00e4 matkalla. Asia, mink\u00e4 \u00e4\u00e4relle voimme pys\u00e4hty\u00e4, voi olla mit\u00e4 vain, [&hellip;]<\/p>\n","protected":false},"author":1,"featured_media":0,"parent":0,"menu_order":0,"comment_status":"closed","ping_status":"closed","template":"","meta":{"_monsterinsights_skip_tracking":false,"_monsterinsights_sitenote_active":false,"_monsterinsights_sitenote_note":"","_monsterinsights_sitenote_category":0,"_themeisle_gutenberg_block_has_review":false,"footnotes":""},"class_list":["post-72","page","type-page","status-publish","hentry"],"aioseo_notices":[],"_links":{"self":[{"href":"https:\/\/www.rohkeudentiella.fi\/index.php?rest_route=\/wp\/v2\/pages\/72","targetHints":{"allow":["GET"]}}],"collection":[{"href":"https:\/\/www.rohkeudentiella.fi\/index.php?rest_route=\/wp\/v2\/pages"}],"about":[{"href":"https:\/\/www.rohkeudentiella.fi\/index.php?rest_route=\/wp\/v2\/types\/page"}],"author":[{"embeddable":true,"href":"https:\/\/www.rohkeudentiella.fi\/index.php?rest_route=\/wp\/v2\/users\/1"}],"replies":[{"embeddable":true,"href":"https:\/\/www.rohkeudentiella.fi\/index.php?rest_route=%2Fwp%2Fv2%2Fcomments&post=72"}],"version-history":[{"count":22,"href":"https:\/\/www.rohkeudentiella.fi\/index.php?rest_route=\/wp\/v2\/pages\/72\/revisions"}],"predecessor-version":[{"id":334,"href":"https:\/\/www.rohkeudentiella.fi\/index.php?rest_route=\/wp\/v2\/pages\/72\/revisions\/334"}],"wp:attachment":[{"href":"https:\/\/www.rohkeudentiella.fi\/index.php?rest_route=%2Fwp%2Fv2%2Fmedia&parent=72"}],"curies":[{"name":"wp","href":"https:\/\/api.w.org\/{rel}","templated":true}]}}