{"id":398,"date":"2022-12-29T10:15:00","date_gmt":"2022-12-29T10:15:00","guid":{"rendered":"http:\/\/www.rohkeudentiella.fi\/?page_id=398"},"modified":"2023-01-02T13:55:04","modified_gmt":"2023-01-02T13:55:04","slug":"tietosuojaseloste","status":"publish","type":"page","link":"https:\/\/www.rohkeudentiella.fi\/?page_id=398","title":{"rendered":""},"content":{"rendered":"\n<h2 class=\"has-large-font-size wp-block-heading\">Tietosuojaseloste<\/h2>\n\n\n\n<ol class=\"wp-block-list\">\n<li><strong>Rekisterin nimi<\/strong><\/li>\n<\/ol>\n\n\n\n<p>Terapiapalvelut Rohkeudentiell\u00e4 yhteydenottojen asiakasrekisteri ja markkinointirekisteri.<\/p>\n\n\n\n<ol class=\"wp-block-list\" start=\"2\">\n<li><strong>Henkil\u00f6tietojen k\u00e4sittelyn tarkoitus<\/strong><\/li>\n<\/ol>\n\n\n\n<p>Luovutetut henkil\u00f6tiedot tallennetaan lomake- tai s\u00e4hk\u00f6postiyhteydenoton yhteydess\u00e4. Henkil\u00f6tietojen k\u00e4sittelyn tarkoitus on yhteydenpito asiakkaisiin, asiakassuhteiden yll\u00e4pito ja laskutus sek\u00e4 markkinointi.<\/p>\n\n\n\n<ol class=\"wp-block-list\" start=\"3\">\n<li><strong>Rekisterinpit\u00e4j\u00e4<\/strong><\/li>\n<\/ol>\n\n\n\n<p>Askeleesi<br>Mira Kangasluoma<br>Mira.kangasluoma@outlook.com<br>3325020-9<\/p>\n\n\n\n<p style=\"line-height:1.6\">Olet t\u00e4ss\u00e4<br>Terhi Kangas<br>Terhi.m.kangas@outlook.com<\/p>\n\n\n\n<p style=\"line-height:1.6\">3335008-2<\/p>\n\n\n\n<ol class=\"wp-block-list\" start=\"4\">\n<li><strong>Rekisterin tietosis\u00e4lt\u00f6<\/strong><\/li>\n<\/ol>\n\n\n\n<p>Asiakkaan nimi, s\u00e4hk\u00f6postiosoite ja puhelinnumero.<\/p>\n\n\n\n<ol class=\"wp-block-list\" start=\"5\">\n<li><strong>S\u00e4\u00e4nn\u00f6nmukaiset tietol\u00e4hteet<\/strong><\/li>\n<\/ol>\n\n\n\n<p>Rekisteriin tallennettavat tiedot saadaan asiakkaalta mm. www-lomakkeilla l\u00e4hetetyist\u00e4 viesteist\u00e4, s\u00e4hk\u00f6postitse ja puhelimitse, asiakastapaamisista ja muista tilanteista, joissa asiakas luovuttaa tietojaan.<\/p>\n\n\n\n<p>Yritysten ja muiden organisaatioiden yhteyshenkil\u00f6iden tietoja voidaan ker\u00e4t\u00e4 my\u00f6s julkisista l\u00e4hteist\u00e4 kuten verkkosivuilta, hakemistopalveluista ja muilta yrityksilt\u00e4 markkinointia varten.<\/p>\n\n\n\n<ol class=\"wp-block-list\" start=\"6\">\n<li><strong>S\u00e4\u00e4nn\u00f6nmukaiset tietojen luovutukset<\/strong><\/li>\n<\/ol>\n\n\n\n<p>Tietoja ei luovuteta muille tahoille. Tietoja voidaan julkaista silt\u00e4 osin kuin niin on sovittu asiakkaan kanssa.<\/p>\n\n\n\n<ol class=\"wp-block-list\" start=\"7\">\n<li><strong>Rekisterin suojaus<\/strong><\/li>\n<\/ol>\n\n\n\n<p>Rekisterin k\u00e4sittelyss\u00e4 noudatetaan huolellisuutta ja tietoj\u00e4rjestelmien avulla k\u00e4sitelt\u00e4v\u00e4t tiedot suojataan asianmukaisesti. Tietoja k\u00e4sitell\u00e4\u00e4n luottamuksellisesti ja niihin p\u00e4\u00e4sev\u00e4t k\u00e4siksi vain ne ty\u00f6ntekij\u00e4t, joiden ty\u00f6nkuvaan se kuuluu.<\/p>\n\n\n\n<ol class=\"wp-block-list\" start=\"8\">\n<li><strong>Tarkastusoikeus<\/strong><\/li>\n<\/ol>\n\n\n\n<p>Jokaisella rekisteriss\u00e4 olevalla henkil\u00f6ll\u00e4 on oikeus tarkistaa rekisteriin tallennetut tietonsa niiden tuhoamiseen asti ja vaatia mahdollisen virheellisen tiedon korjaamista tai puutteellisen tiedon t\u00e4ydent\u00e4mist\u00e4. Mik\u00e4li henkil\u00f6 haluaa tarkistaa h\u00e4nest\u00e4 talletetut tiedot tai vaatia niihin oikaisua, pyynt\u00f6 tulee l\u00e4hett\u00e4\u00e4 kirjallisesti rekisterin pit\u00e4j\u00e4lle.<\/p>\n\n\n\n<ol class=\"wp-block-list\" start=\"9\">\n<li><strong>Muut henkil\u00f6tietojen k\u00e4sittelyyn liittyv\u00e4t oikeudet<\/strong><\/li>\n<\/ol>\n\n\n\n<p>Rekisteriss\u00e4 olevalla henkil\u00f6ll\u00e4 on oikeus pyyt\u00e4\u00e4 h\u00e4nt\u00e4 koskevien henkil\u00f6tietojen poistamiseen rekisterist\u00e4 (&#8221;oikeus tulla unohdetuksi&#8221;). Niin ik\u00e4\u00e4n rekister\u00f6idyill\u00e4 on muut&nbsp;EU:n yleisen tietosuoja-asetuksen mukaiset oikeudet&nbsp;kuten henkil\u00f6tietojen k\u00e4sittelyn rajoittaminen tietyiss\u00e4 tilanteissa. Pyynn\u00f6t tulee l\u00e4hett\u00e4\u00e4 kirjallisesti rekisterinpit\u00e4j\u00e4lle. Rekisterinpit\u00e4j\u00e4 voi pyyt\u00e4\u00e4 tarvittaessa pyynn\u00f6n esitt\u00e4j\u00e4\u00e4 todistamaan henkil\u00f6llisyytens\u00e4. Rekisterinpit\u00e4j\u00e4 vastaa asiakkaalle EU:n tietosuoja-asetuksessa s\u00e4\u00e4detyss\u00e4 ajassa (p\u00e4\u00e4s\u00e4\u00e4nt\u00f6isesti kuukauden kuluessa).<\/p>\n","protected":false},"excerpt":{"rendered":"<p>Tietosuojaseloste Terapiapalvelut Rohkeudentiell\u00e4 yhteydenottojen asiakasrekisteri ja markkinointirekisteri. Luovutetut henkil\u00f6tiedot tallennetaan lomake- tai s\u00e4hk\u00f6postiyhteydenoton yhteydess\u00e4. Henkil\u00f6tietojen k\u00e4sittelyn tarkoitus on yhteydenpito asiakkaisiin, asiakassuhteiden yll\u00e4pito ja laskutus sek\u00e4 markkinointi. AskeleesiMira KangasluomaMira.kangasluoma@outlook.com3325020-9 Olet t\u00e4ss\u00e4Terhi KangasTerhi.m.kangas@outlook.com 3335008-2 Asiakkaan nimi, s\u00e4hk\u00f6postiosoite ja puhelinnumero. Rekisteriin tallennettavat tiedot saadaan asiakkaalta mm. www-lomakkeilla l\u00e4hetetyist\u00e4 viesteist\u00e4, s\u00e4hk\u00f6postitse ja puhelimitse, asiakastapaamisista ja muista tilanteista, joissa asiakas [&hellip;]<\/p>\n","protected":false},"author":1,"featured_media":0,"parent":0,"menu_order":0,"comment_status":"closed","ping_status":"closed","template":"","meta":{"_monsterinsights_skip_tracking":false,"_monsterinsights_sitenote_active":false,"_monsterinsights_sitenote_note":"","_monsterinsights_sitenote_category":0,"_themeisle_gutenberg_block_has_review":false,"footnotes":""},"class_list":["post-398","page","type-page","status-publish","hentry"],"aioseo_notices":[],"_links":{"self":[{"href":"https:\/\/www.rohkeudentiella.fi\/index.php?rest_route=\/wp\/v2\/pages\/398","targetHints":{"allow":["GET"]}}],"collection":[{"href":"https:\/\/www.rohkeudentiella.fi\/index.php?rest_route=\/wp\/v2\/pages"}],"about":[{"href":"https:\/\/www.rohkeudentiella.fi\/index.php?rest_route=\/wp\/v2\/types\/page"}],"author":[{"embeddable":true,"href":"https:\/\/www.rohkeudentiella.fi\/index.php?rest_route=\/wp\/v2\/users\/1"}],"replies":[{"embeddable":true,"href":"https:\/\/www.rohkeudentiella.fi\/index.php?rest_route=%2Fwp%2Fv2%2Fcomments&post=398"}],"version-history":[{"count":3,"href":"https:\/\/www.rohkeudentiella.fi\/index.php?rest_route=\/wp\/v2\/pages\/398\/revisions"}],"predecessor-version":[{"id":502,"href":"https:\/\/www.rohkeudentiella.fi\/index.php?rest_route=\/wp\/v2\/pages\/398\/revisions\/502"}],"wp:attachment":[{"href":"https:\/\/www.rohkeudentiella.fi\/index.php?rest_route=%2Fwp%2Fv2%2Fmedia&parent=398"}],"curies":[{"name":"wp","href":"https:\/\/api.w.org\/{rel}","templated":true}]}}