{"id":23,"date":"2022-11-30T10:08:35","date_gmt":"2022-11-30T10:08:35","guid":{"rendered":"http:\/\/www.rohkeudentiella.fi\/?page_id=23"},"modified":"2025-02-08T14:10:06","modified_gmt":"2025-02-08T14:10:06","slug":"23-2","status":"publish","type":"page","link":"https:\/\/www.rohkeudentiella.fi\/?page_id=23","title":{"rendered":""},"content":{"rendered":"\n<div class=\"wp-block-columns alignfull has-background is-layout-flex wp-container-core-columns-is-layout-1 wp-block-columns-is-layout-flex\" style=\"background-color:#758c8a\">\n<div class=\"wp-block-column is-layout-flow wp-block-column-is-layout-flow\">\n<figure class=\"wp-block-image aligncenter size-full\"><img loading=\"lazy\" decoding=\"async\" width=\"1152\" height=\"1536\" src=\"https:\/\/www.rohkeudentiella.fi\/wp-content\/uploads\/2022\/12\/teksti-200434.jpg\" alt=\"\" class=\"wp-image-140\" srcset=\"https:\/\/www.rohkeudentiella.fi\/wp-content\/uploads\/2022\/12\/teksti-200434.jpg 1152w, https:\/\/www.rohkeudentiella.fi\/wp-content\/uploads\/2022\/12\/teksti-200434-225x300.jpg 225w, https:\/\/www.rohkeudentiella.fi\/wp-content\/uploads\/2022\/12\/teksti-200434-768x1024.jpg 768w\" sizes=\"auto, (max-width: 1152px) 100vw, 1152px\" \/><\/figure>\n<\/div>\n\n\n\n<div class=\"wp-block-column is-vertically-aligned-center is-layout-flow wp-block-column-is-layout-flow\">\n<h2 class=\"wp-block-heading has-text-align-center has-dm-sans-font-family has-x-large-font-size\" style=\"font-style:normal;font-weight:500;letter-spacing:3.5px;line-height:1.5;text-transform:uppercase\">Ty\u00f6nantaja<\/h2>\n\n\n\n<p class=\"has-text-align-center has-text-color\" style=\"color:#f2f2f5\">Ratkaisukeskeinen lyhytterapia on tukena ty\u00f6ss\u00e4 jaksamiselle ja v\u00e4hent\u00e4\u00e4 sairauspoissaoloja. Lyhytterapia tarjoaa ty\u00f6ntekij\u00e4lle luottamuksellisen hetken puhua el\u00e4m\u00e4n eri tilanteista niin ammatillisesti kuin henkil\u00f6kohtaisesti.<\/p>\n\n\n\n<p class=\"has-text-align-center has-text-color\" style=\"color:#f2f2f5\">Lyhytterapiaan on matala kynnys astua, sinne ei tarvita l\u00e4\u00e4k\u00e4rin l\u00e4hetett\u00e4 eik\u00e4 diagnoosia. Ty\u00f6nantajana voit tarjota lyhytterapiaa osana ty\u00f6hyvinvoinnin tukemista ja ty\u00f6ss\u00e4 jaksamista.<\/p>\n\n\n\n<p class=\"has-text-align-center has-text-color has-background has-source-sans-pro-font-family has-medium-font-size\" style=\"color:#3b3b3b;background-color:#758c8a;font-style:normal;font-weight:400\"><strong>Ty\u00f6nantaja, ota yhteytt\u00e4 ja mietit\u00e4\u00e4n yhdess\u00e4 ty\u00f6ntekij\u00f6ille omaa mielen kuntosalikorttia.<\/strong><\/p>\n<\/div>\n<\/div>\n\n\n\n<p class=\"has-text-align-center animated zoomIn has-text-color has-lora-font-family has-large-font-size\" style=\"color:#3b3b3b\">Ota yhteytt\u00e4 niin keskustellaan lis\u00e4\u00e4!<\/p>\n\n\n\n<div class=\"wp-block-columns has-text-color has-background has-link-color wp-elements-38a1c988cd7cd9c7421f3ce9053b7711 is-layout-flex wp-container-core-columns-is-layout-2 wp-block-columns-is-layout-flex\" style=\"color:#f2f3f5;background-color:#f2f3f5\">\n<div class=\"wp-block-column has-text-color is-layout-flow wp-block-column-is-layout-flow\" style=\"color:#3b3b3b\"><div class=\"wpforms-container wpforms-container-full wpforms-block wpforms-block-74fd415e-f119-4eb7-adc5-2b8af990570e\" id=\"wpforms-295\"><form id=\"wpforms-form-295\" class=\"wpforms-validate wpforms-form wpforms-ajax-form\" data-formid=\"295\" method=\"post\" enctype=\"multipart\/form-data\" action=\"\/index.php?rest_route=%2Fwp%2Fv2%2Fpages%2F23\" data-token=\"c7fbc47d99df2942f770d7481fc6d926\" data-token-time=\"1778244688\"><noscript class=\"wpforms-error-noscript\">Please enable JavaScript in your browser to complete this form.<\/noscript><div class=\"wpforms-field-container\"><div id=\"wpforms-295-field_1-container\" class=\"wpforms-field wpforms-field-name\" data-field-id=\"1\"><label class=\"wpforms-field-label\" for=\"wpforms-295-field_1\"> Nimi <span class=\"wpforms-required-label\">*<\/span><\/label><input type=\"text\" id=\"wpforms-295-field_1\" class=\"wpforms-field-medium wpforms-field-required\" name=\"wpforms[fields][1]\" required><\/div><div id=\"wpforms-295-field_2-container\" class=\"wpforms-field wpforms-field-email\" data-field-id=\"2\"><label class=\"wpforms-field-label\" for=\"wpforms-295-field_2\">S\u00e4hk\u00f6postiosoite <span class=\"wpforms-required-label\">*<\/span><\/label><input type=\"email\" id=\"wpforms-295-field_2\" class=\"wpforms-field-medium wpforms-field-required\" name=\"wpforms[fields][2]\" spellcheck=\"false\" required><\/div><div id=\"wpforms-295-field_3-container\" class=\"wpforms-field wpforms-field-number\" data-field-id=\"3\"><label class=\"wpforms-field-label\" for=\"wpforms-295-field_3\">Puhelinnumero <span class=\"wpforms-required-label\">*<\/span><\/label><input type=\"number\" id=\"wpforms-295-field_3\" class=\"wpforms-field-medium wpforms-field-required\" name=\"wpforms[fields][3]\" step=\"any\" required><\/div><div id=\"wpforms-295-field_6-container\" class=\"wpforms-field wpforms-field-radio\" data-field-id=\"6\"><label class=\"wpforms-field-label\">Haluan, ett\u00e4 minuun on yhteydess\u00e4<\/label><ul id=\"wpforms-295-field_6\"><li class=\"choice-1 depth-1\"><input type=\"radio\" id=\"wpforms-295-field_6_1\" name=\"wpforms[fields][6]\" value=\"Kumpi tahansa\"  ><label class=\"wpforms-field-label-inline\" for=\"wpforms-295-field_6_1\">Kumpi tahansa<\/label><\/li><li class=\"choice-2 depth-1\"><input type=\"radio\" id=\"wpforms-295-field_6_2\" name=\"wpforms[fields][6]\" value=\"Terhi\"  ><label class=\"wpforms-field-label-inline\" for=\"wpforms-295-field_6_2\">Terhi<\/label><\/li><li class=\"choice-3 depth-1\"><input type=\"radio\" id=\"wpforms-295-field_6_3\" name=\"wpforms[fields][6]\" value=\"Mira\"  ><label class=\"wpforms-field-label-inline\" for=\"wpforms-295-field_6_3\">Mira<\/label><\/li><\/ul><\/div><div id=\"wpforms-295-field_4-container\" class=\"wpforms-field wpforms-field-textarea\" data-field-id=\"4\"><label class=\"wpforms-field-label\" for=\"wpforms-295-field_4\">Viesti<\/label><textarea id=\"wpforms-295-field_4\" class=\"wpforms-field-medium\" name=\"wpforms[fields][4]\" ><\/textarea><\/div><\/div><!-- .wpforms-field-container --><div class=\"wpforms-submit-container\" ><input type=\"hidden\" name=\"wpforms[id]\" value=\"295\"><input type=\"hidden\" name=\"page_title\" value=\"\"><input type=\"hidden\" name=\"page_url\" value=\"https:\/\/www.rohkeudentiella.fi\/index.php?rest_route=\/wp\/v2\/pages\/23\"><input type=\"hidden\" name=\"url_referer\" value=\"\"><button type=\"submit\" name=\"wpforms[submit]\" id=\"wpforms-submit-295\" class=\"wpforms-submit\" data-alt-text=\"L\u00e4hett\u00e4\u00e4..\" data-submit-text=\"L\u00e4het\u00e4\" aria-live=\"assertive\" value=\"wpforms-submit\">L\u00e4het\u00e4<\/button><img loading=\"lazy\" decoding=\"async\" src=\"https:\/\/www.rohkeudentiella.fi\/wp-content\/plugins\/wpforms-lite\/assets\/images\/submit-spin.svg\" class=\"wpforms-submit-spinner\" style=\"display: none;\" width=\"26\" height=\"26\" alt=\"Loading\"><\/div><\/form><\/div>  <!-- .wpforms-container --><\/div>\n<\/div>\n","protected":false},"excerpt":{"rendered":"<p>Ty\u00f6nantaja Ratkaisukeskeinen lyhytterapia on tukena ty\u00f6ss\u00e4 jaksamiselle ja v\u00e4hent\u00e4\u00e4 sairauspoissaoloja. Lyhytterapia tarjoaa ty\u00f6ntekij\u00e4lle luottamuksellisen hetken puhua el\u00e4m\u00e4n eri tilanteista niin ammatillisesti kuin henkil\u00f6kohtaisesti. Lyhytterapiaan on matala kynnys astua, sinne ei tarvita l\u00e4\u00e4k\u00e4rin l\u00e4hetett\u00e4 eik\u00e4 diagnoosia. Ty\u00f6nantajana voit tarjota lyhytterapiaa osana ty\u00f6hyvinvoinnin tukemista ja ty\u00f6ss\u00e4 jaksamista. Ty\u00f6nantaja, ota yhteytt\u00e4 ja mietit\u00e4\u00e4n yhdess\u00e4 ty\u00f6ntekij\u00f6ille omaa mielen kuntosalikorttia. [&hellip;]<\/p>\n","protected":false},"author":1,"featured_media":0,"parent":0,"menu_order":0,"comment_status":"closed","ping_status":"closed","template":"","meta":{"_monsterinsights_skip_tracking":false,"_monsterinsights_sitenote_active":false,"_monsterinsights_sitenote_note":"","_monsterinsights_sitenote_category":0,"_themeisle_gutenberg_block_has_review":false,"footnotes":""},"class_list":["post-23","page","type-page","status-publish","hentry"],"aioseo_notices":[],"_links":{"self":[{"href":"https:\/\/www.rohkeudentiella.fi\/index.php?rest_route=\/wp\/v2\/pages\/23","targetHints":{"allow":["GET"]}}],"collection":[{"href":"https:\/\/www.rohkeudentiella.fi\/index.php?rest_route=\/wp\/v2\/pages"}],"about":[{"href":"https:\/\/www.rohkeudentiella.fi\/index.php?rest_route=\/wp\/v2\/types\/page"}],"author":[{"embeddable":true,"href":"https:\/\/www.rohkeudentiella.fi\/index.php?rest_route=\/wp\/v2\/users\/1"}],"replies":[{"embeddable":true,"href":"https:\/\/www.rohkeudentiella.fi\/index.php?rest_route=%2Fwp%2Fv2%2Fcomments&post=23"}],"version-history":[{"count":24,"href":"https:\/\/www.rohkeudentiella.fi\/index.php?rest_route=\/wp\/v2\/pages\/23\/revisions"}],"predecessor-version":[{"id":589,"href":"https:\/\/www.rohkeudentiella.fi\/index.php?rest_route=\/wp\/v2\/pages\/23\/revisions\/589"}],"wp:attachment":[{"href":"https:\/\/www.rohkeudentiella.fi\/index.php?rest_route=%2Fwp%2Fv2%2Fmedia&parent=23"}],"curies":[{"name":"wp","href":"https:\/\/api.w.org\/{rel}","templated":true}]}}