{"id":20,"date":"2022-11-30T10:06:09","date_gmt":"2022-11-30T10:06:09","guid":{"rendered":"http:\/\/www.rohkeudentiella.fi\/?page_id=20"},"modified":"2024-01-04T12:55:44","modified_gmt":"2024-01-04T12:55:44","slug":"terapiasta","status":"publish","type":"page","link":"https:\/\/www.rohkeudentiella.fi\/?page_id=20","title":{"rendered":""},"content":{"rendered":"\n<div class=\"wp-block-columns is-layout-flex wp-container-core-columns-is-layout-1 wp-block-columns-is-layout-flex\">\n<div class=\"wp-block-column is-layout-flow wp-block-column-is-layout-flow\">\n<p class=\"has-text-align-center has-text-color has-dm-sans-font-family has-large-font-size\" style=\"color:#a8856e;letter-spacing:3px;text-transform:uppercase\">Ratkaisukeskeinen lyhytterapia<\/p>\n\n\n\n<p class=\"has-text-align-center has-background has-dm-sans-font-family\" style=\"background-color:#f2f3f5;font-size:clamp(0.929rem, 0.929rem + ((1vw - 0.2rem) * 0.856), 1.4rem);font-style:italic;font-weight:100;letter-spacing:1px\">Lyhyell\u00e4kin prosessilla voidaan saada aikaan merkitt\u00e4vi\u00e4 asioita. Me Rohkeudentiell\u00e4 pys\u00e4hdymme kanssasi etsim\u00e4\u00e4n uusia n\u00e4k\u00f6kulmia ja opit l\u00f6yt\u00e4m\u00e4\u00e4n voimavarasi.<\/p>\n\n\n\n<p class=\"has-text-align-center animated fadeIn has-text-color has-background has-dm-sans-font-family has-medium-font-size\" style=\"color:#f2f3f5;background-color:#758c8a;font-size:clamp(0.929rem, 0.929rem + ((1vw - 0.2rem) * 0.856), 1.4rem);font-style:normal;font-weight:100\"><strong>Mit\u00e4 Sin\u00e4 saat?<\/strong> <em>Tarjoamme ratkaisukeskeist\u00e4 lyhytterapiaa yksil\u00f6ille, pareille sek\u00e4 perheille. Toimintamme on ehdottoman luottamuksellista ja meit\u00e4 koskee salassapitovelvollisuus. Emme kirjaa tapaamisia ja meille et tarvitse l\u00e4hetett\u00e4.<\/em><\/p>\n\n\n<div class=\"alignnone\"><style>#sp-ea-536 .spcollapsing { height: 0; overflow: hidden; transition-property: height;transition-duration: 300ms;}#sp-ea-536.sp-easy-accordion>.sp-ea-single {margin-bottom: 10px; border: 1px solid #e2e2e2; }#sp-ea-536.sp-easy-accordion>.sp-ea-single>.ea-header a {color: #444;}#sp-ea-536.sp-easy-accordion>.sp-ea-single>.sp-collapse>.ea-body {background: #fff; color: #444;}#sp-ea-536.sp-easy-accordion>.sp-ea-single {background: #eee;}#sp-ea-536.sp-easy-accordion>.sp-ea-single>.ea-header a .ea-expand-icon { float: left; color: #444;font-size: 16px;}<\/style><div id=\"sp_easy_accordion-1699435180\"><div id=\"sp-ea-536\" class=\"sp-ea-one sp-easy-accordion\" data-ea-active=\"ea-click\" data-ea-mode=\"vertical\" data-preloader=\"\" data-scroll-active-item=\"\" data-offset-to-scroll=\"0\"><div class=\"ea-card ea-expand sp-ea-single\"><h3 class=\"ea-header\"><a class=\"collapsed\" id=\"ea-header-5360\" role=\"button\" data-sptoggle=\"spcollapse\" data-sptarget=\"#collapse5360\" aria-controls=\"collapse5360\" href=\"#\" aria-expanded=\"true\" tabindex=\"0\"><i aria-hidden=\"true\" role=\"presentation\" class=\"ea-expand-icon eap-icon-ea-expand-minus\"><\/i> Lyhytterapia<\/a><\/h3><div class=\"sp-collapse spcollapse collapsed show\" id=\"collapse5360\" data-parent=\"#sp-ea-536\" role=\"region\" aria-labelledby=\"ea-header-5360\"> <div class=\"ea-body\"><p dir=\"ltr\">Mit\u00e4 ratkaisukeskeinen lyhytterapia on?<\/p><p dir=\"ltr\">&#8211; Alle vuoden kest\u00e4v\u00e4, 1-25 k\u00e4yntikerran mittainen hoitoprosessi, jonka pituus mietit\u00e4\u00e4n yksil\u00f6llisesti.<\/p><p dir=\"ltr\">&#8211; Lyhytterapia ei vaadi l\u00e4hetett\u00e4 tai diagnoosia.<\/p><p dir=\"ltr\">&#8211; Ratkaisukeskeinen lyhytterapia on asiakasl\u00e4ht\u00f6ist\u00e4, kunnioittavaa, eteenp\u00e4in suuntaavaa, voimavarakeskeist\u00e4 ja tavoitteellista terapiaa.<\/p><p dir=\"ltr\">&#8211; Lyhytterapiassa keskityt\u00e4\u00e4n asiakkaan sen hetkisiin el\u00e4m\u00e4n solmukohtiin ja pyrit\u00e4\u00e4n ratkomaan niit\u00e4 asiakasta prosessiin osallistaen.<\/p><\/div><\/div><\/div><\/div><\/div><\/div>\n\n\n<p>              <\/p>\n<\/div>\n<\/div>\n\n\n\n<div class=\"wp-block-columns is-layout-flex wp-container-core-columns-is-layout-4 wp-block-columns-is-layout-flex\">\n<div class=\"wp-block-column is-layout-flow wp-block-column-is-layout-flow\">\n<div class=\"wp-block-columns are-vertically-aligned-center is-layout-flex wp-container-core-columns-is-layout-3 wp-block-columns-is-layout-flex\">\n<div class=\"wp-block-column is-vertically-aligned-center is-layout-flow wp-block-column-is-layout-flow\" style=\"flex-basis:100%\">\n<div class=\"wp-block-columns are-vertically-aligned-center is-layout-flex wp-container-core-columns-is-layout-2 wp-block-columns-is-layout-flex\">\n<div class=\"wp-block-column is-vertically-aligned-center is-layout-flow wp-block-column-is-layout-flow\" style=\"flex-basis:100%\">\n<figure class=\"wp-block-pullquote has-background has-large-font-size\" style=\"background-color:#c7c2ba\"><blockquote><p>&#8221;Sain apua lyhytterapiasta, kun el\u00e4m\u00e4ss\u00e4 tuli paljon pettymyksi\u00e4, joista en olisi en\u00e4\u00e4 yksin p\u00e4\u00e4ssyt eteenp\u00e4in.&#8221;<\/p><\/blockquote><\/figure>\n<\/div>\n<\/div>\n<\/div>\n<\/div>\n<\/div>\n<\/div>\n\n\n\n<h2 class=\"wp-block-heading has-text-align-center has-text-color has-link-color has-dm-sans-font-family has-large-font-size wp-elements-adf3049537228f940988a931890b2daf\" style=\"color:#a8856e;font-style:normal;font-weight:100;letter-spacing:3px;text-transform:uppercase\">Nuottivalmennus<\/h2>\n\n\n<p>NUOTTI-valmennus on henkil\u00f6kohtaista valmennusta 16-29 vuotiaalle nuorelle, jonka toimintakyky on olennaisesti heikentynyt ja joka tarvitsee tukea edet\u00e4kseen opiskelu- ja ty\u00f6el\u00e4m\u00e4polulla.  Sen tavoitteena on, ett\u00e4 nuoren k\u00e4sitys omista vahvuuksista ja voimavaroista vahvistuu ja h\u00e4n kartuttaa el\u00e4m\u00e4nhallintaan ja ty\u00f6el\u00e4m\u00e4valmiuksiin liittyvi\u00e4 taitojaan. Nuotti-valmennus on nuorelle, joka ei ole viel\u00e4 l\u00f6yt\u00e4nyt sopivaa opiskelualaa tai ty\u00f6paikkaa tai jos opiskelut ovat keskeytyneet tai on vaarassa keskeyty\u00e4. Nuotti-valmennuksen avulla voidaan my\u00f6s kirkastaa nuoren tulevaisuuden suunnitelmia. <\/p>\n<p>Nuotti-valmennus on kestoltaan 20 tapaamiskertaa ja se on nuorelle ilmaista. Valmennus kest\u00e4\u00e4 viisi kuukautta ja sen aikana nuori on oikeutettu Kelan my\u00f6nt\u00e4m\u00e4\u00e4n kuntoutusrahaan. <\/p>\n<p>Nuotti-valmennukseen voi hakeutua soittamalla Kelaan 020 692 205. Puhelussa kerro haluavasi Nuotti-valmennusta Sirian valmentajalta, voit nimet\u00e4 Mira Kangasluoman halutessasi Miran valmentajaksesi.<\/p>\n\n\n\n<h2 class=\"wp-block-heading has-text-align-center has-text-color has-link-color has-dm-sans-font-family has-large-font-size wp-elements-9c135a7d455c852bede71132bca62975\" style=\"color:#a8856e;font-style:normal;font-weight:400;letter-spacing:3px;text-transform:uppercase\">Koulutustarjonta<\/h2>\n\n\n<p>Tarjoamme koulutusta r\u00e4\u00e4t\u00e4l\u00f6idysti yrityksen ja ty\u00f6paikkojen tarpeita ajatellen, esimerkiksi tyhy -p\u00e4iviin, koulutusp\u00e4iviin osaksi tai coachausta tiimipalavereihin.<br \/>\nKoulutustarjontaamme kuuluvat<br \/>\n&#8211; Oivalluttaminen oman hyvinvoinnin \u00e4\u00e4relle.<br \/>\n&#8211; Tunnety\u00f6skentely, omien tunteiden tunnistaminen oman itses\u00e4\u00e4telyn tukena.<br \/>\n&#8211; Asiakkaiden aikaansaamat tunnetilat ja niiden k\u00e4sittely.<\/p>\n\n\n\n<h2 class=\"wp-block-heading has-text-align-center animated zoomIn has-large-font-size\">Ota yhteytt\u00e4 niin keskustellaan lis\u00e4\u00e4!<\/h2>\n\n\n\n<div class=\"wp-block-columns is-layout-flex wp-container-core-columns-is-layout-7 wp-block-columns-is-layout-flex\">\n<div class=\"wp-block-column is-layout-flow wp-block-column-is-layout-flow\">\n<div class=\"wp-block-columns is-layout-flex wp-container-core-columns-is-layout-6 wp-block-columns-is-layout-flex\">\n<div class=\"wp-block-column is-layout-flow wp-block-column-is-layout-flow\" style=\"flex-basis:100%\">\n<div class=\"wp-block-columns are-vertically-aligned-center is-layout-flex wp-container-core-columns-is-layout-5 wp-block-columns-is-layout-flex\">\n<div class=\"wp-block-column is-vertically-aligned-center is-layout-flow wp-block-column-is-layout-flow\" style=\"flex-basis:100%\"><div class=\"wpforms-container wpforms-container-full wpforms-block wpforms-block-49e52689-89ec-407f-99e2-c23be86100ce\" id=\"wpforms-295\"><form id=\"wpforms-form-295\" class=\"wpforms-validate wpforms-form wpforms-ajax-form\" data-formid=\"295\" method=\"post\" enctype=\"multipart\/form-data\" action=\"\/index.php?rest_route=%2Fwp%2Fv2%2Fpages%2F20\" data-token=\"c7fbc47d99df2942f770d7481fc6d926\" data-token-time=\"1778244579\"><noscript class=\"wpforms-error-noscript\">Please enable JavaScript in your browser to complete this form.<\/noscript><div class=\"wpforms-field-container\"><div id=\"wpforms-295-field_1-container\" class=\"wpforms-field wpforms-field-name\" data-field-id=\"1\"><label class=\"wpforms-field-label\" for=\"wpforms-295-field_1\"> Nimi <span class=\"wpforms-required-label\">*<\/span><\/label><input type=\"text\" id=\"wpforms-295-field_1\" class=\"wpforms-field-medium wpforms-field-required\" name=\"wpforms[fields][1]\" required><\/div><div id=\"wpforms-295-field_2-container\" class=\"wpforms-field wpforms-field-email\" data-field-id=\"2\"><label class=\"wpforms-field-label\" for=\"wpforms-295-field_2\">S\u00e4hk\u00f6postiosoite <span class=\"wpforms-required-label\">*<\/span><\/label><input type=\"email\" id=\"wpforms-295-field_2\" class=\"wpforms-field-medium wpforms-field-required\" name=\"wpforms[fields][2]\" spellcheck=\"false\" required><\/div><div id=\"wpforms-295-field_3-container\" class=\"wpforms-field wpforms-field-number\" data-field-id=\"3\"><label class=\"wpforms-field-label\" for=\"wpforms-295-field_3\">Puhelinnumero <span class=\"wpforms-required-label\">*<\/span><\/label><input type=\"number\" id=\"wpforms-295-field_3\" class=\"wpforms-field-medium wpforms-field-required\" name=\"wpforms[fields][3]\" step=\"any\" required><\/div><div id=\"wpforms-295-field_6-container\" class=\"wpforms-field wpforms-field-radio\" data-field-id=\"6\"><label class=\"wpforms-field-label\">Haluan, ett\u00e4 minuun on yhteydess\u00e4<\/label><ul id=\"wpforms-295-field_6\"><li class=\"choice-1 depth-1\"><input type=\"radio\" id=\"wpforms-295-field_6_1\" name=\"wpforms[fields][6]\" value=\"Kumpi tahansa\"  ><label class=\"wpforms-field-label-inline\" for=\"wpforms-295-field_6_1\">Kumpi tahansa<\/label><\/li><li class=\"choice-2 depth-1\"><input type=\"radio\" id=\"wpforms-295-field_6_2\" name=\"wpforms[fields][6]\" value=\"Terhi\"  ><label class=\"wpforms-field-label-inline\" for=\"wpforms-295-field_6_2\">Terhi<\/label><\/li><li class=\"choice-3 depth-1\"><input type=\"radio\" id=\"wpforms-295-field_6_3\" name=\"wpforms[fields][6]\" value=\"Mira\"  ><label class=\"wpforms-field-label-inline\" for=\"wpforms-295-field_6_3\">Mira<\/label><\/li><\/ul><\/div><div id=\"wpforms-295-field_4-container\" class=\"wpforms-field wpforms-field-textarea\" data-field-id=\"4\"><label class=\"wpforms-field-label\" for=\"wpforms-295-field_4\">Viesti<\/label><textarea id=\"wpforms-295-field_4\" class=\"wpforms-field-medium\" name=\"wpforms[fields][4]\" ><\/textarea><\/div><\/div><!-- .wpforms-field-container --><div class=\"wpforms-submit-container\" ><input type=\"hidden\" name=\"wpforms[id]\" value=\"295\"><input type=\"hidden\" name=\"page_title\" value=\"\"><input type=\"hidden\" name=\"page_url\" value=\"https:\/\/www.rohkeudentiella.fi\/index.php?rest_route=\/wp\/v2\/pages\/20\"><input type=\"hidden\" name=\"url_referer\" value=\"\"><button type=\"submit\" name=\"wpforms[submit]\" id=\"wpforms-submit-295\" class=\"wpforms-submit\" data-alt-text=\"L\u00e4hett\u00e4\u00e4..\" data-submit-text=\"L\u00e4het\u00e4\" aria-live=\"assertive\" value=\"wpforms-submit\">L\u00e4het\u00e4<\/button><img loading=\"lazy\" decoding=\"async\" src=\"https:\/\/www.rohkeudentiella.fi\/wp-content\/plugins\/wpforms-lite\/assets\/images\/submit-spin.svg\" class=\"wpforms-submit-spinner\" style=\"display: none;\" width=\"26\" height=\"26\" alt=\"Loading\"><\/div><\/form><\/div>  <!-- .wpforms-container --><\/div>\n<\/div>\n<\/div>\n<\/div>\n<\/div>\n<\/div>\n","protected":false},"excerpt":{"rendered":"<p>Ratkaisukeskeinen lyhytterapia Lyhyell\u00e4kin prosessilla voidaan saada aikaan merkitt\u00e4vi\u00e4 asioita. Me Rohkeudentiell\u00e4 pys\u00e4hdymme kanssasi etsim\u00e4\u00e4n uusia n\u00e4k\u00f6kulmia ja opit l\u00f6yt\u00e4m\u00e4\u00e4n voimavarasi. Mit\u00e4 Sin\u00e4 saat? Tarjoamme ratkaisukeskeist\u00e4 lyhytterapiaa yksil\u00f6ille, pareille sek\u00e4 perheille. Toimintamme on ehdottoman luottamuksellista ja meit\u00e4 koskee salassapitovelvollisuus. Emme kirjaa tapaamisia ja meille et tarvitse l\u00e4hetett\u00e4. &#8221;Sain apua lyhytterapiasta, kun el\u00e4m\u00e4ss\u00e4 tuli paljon pettymyksi\u00e4, joista [&hellip;]<\/p>\n","protected":false},"author":1,"featured_media":0,"parent":0,"menu_order":0,"comment_status":"closed","ping_status":"closed","template":"","meta":{"_monsterinsights_skip_tracking":false,"_monsterinsights_sitenote_active":false,"_monsterinsights_sitenote_note":"","_monsterinsights_sitenote_category":0,"_themeisle_gutenberg_block_has_review":false,"footnotes":""},"class_list":["post-20","page","type-page","status-publish","hentry"],"aioseo_notices":[],"_links":{"self":[{"href":"https:\/\/www.rohkeudentiella.fi\/index.php?rest_route=\/wp\/v2\/pages\/20","targetHints":{"allow":["GET"]}}],"collection":[{"href":"https:\/\/www.rohkeudentiella.fi\/index.php?rest_route=\/wp\/v2\/pages"}],"about":[{"href":"https:\/\/www.rohkeudentiella.fi\/index.php?rest_route=\/wp\/v2\/types\/page"}],"author":[{"embeddable":true,"href":"https:\/\/www.rohkeudentiella.fi\/index.php?rest_route=\/wp\/v2\/users\/1"}],"replies":[{"embeddable":true,"href":"https:\/\/www.rohkeudentiella.fi\/index.php?rest_route=%2Fwp%2Fv2%2Fcomments&post=20"}],"version-history":[{"count":39,"href":"https:\/\/www.rohkeudentiella.fi\/index.php?rest_route=\/wp\/v2\/pages\/20\/revisions"}],"predecessor-version":[{"id":573,"href":"https:\/\/www.rohkeudentiella.fi\/index.php?rest_route=\/wp\/v2\/pages\/20\/revisions\/573"}],"wp:attachment":[{"href":"https:\/\/www.rohkeudentiella.fi\/index.php?rest_route=%2Fwp%2Fv2%2Fmedia&parent=20"}],"curies":[{"name":"wp","href":"https:\/\/api.w.org\/{rel}","templated":true}]}}